{"id":6162,"date":"2024-12-10T10:29:16","date_gmt":"2024-12-10T07:29:16","guid":{"rendered":"https:\/\/www.elitabeachresort.com\/?page_id=6162"},"modified":"2025-03-05T00:29:35","modified_gmt":"2025-03-04T21:29:35","slug":"odalarimiz","status":"publish","type":"page","link":"https:\/\/www.elitabeachresort.com\/index.php\/odalarimiz\/","title":{"rendered":"Odalar\u0131m\u0131z"},"content":{"rendered":"\t\t<div data-elementor-type=\"wp-page\" data-elementor-id=\"6162\" class=\"elementor elementor-6162\">\n\t\t\t\t<div class=\"elementor-element elementor-element-d5243af e-flex e-con-boxed e-con e-parent\" data-id=\"d5243af\" data-element_type=\"container\">\n\t\t\t\t\t<div class=\"e-con-inner\">\n\t\t\t\t<div class=\"elementor-element elementor-element-0593363 elementor-align-center elementor-widget elementor-widget-heading\" data-id=\"0593363\" data-element_type=\"widget\" data-widget_type=\"heading.default\">\n\t\t\t\t<div class=\"elementor-widget-container\">\n\t\t\t\t\t<div class=\"heading-decor\"><svg aria-hidden=\"true\" class=\"e-font-icon-svg e-fas-sun\" viewBox=\"0 0 512 512\" xmlns=\"http:\/\/www.w3.org\/2000\/svg\"><path d=\"M256 160c-52.9 0-96 43.1-96 96s43.1 96 96 96 96-43.1 96-96-43.1-96-96-96zm246.4 80.5l-94.7-47.3 33.5-100.4c4.5-13.6-8.4-26.5-21.9-21.9l-100.4 33.5-47.4-94.8c-6.4-12.8-24.6-12.8-31 0l-47.3 94.7L92.7 70.8c-13.6-4.5-26.5 8.4-21.9 21.9l33.5 100.4-94.7 47.4c-12.8 6.4-12.8 24.6 0 31l94.7 47.3-33.5 100.5c-4.5 13.6 8.4 26.5 21.9 21.9l100.4-33.5 47.3 94.7c6.4 12.8 24.6 12.8 31 0l47.3-94.7 100.4 33.5c13.6 4.5 26.5-8.4 21.9-21.9l-33.5-100.4 94.7-47.3c13-6.5 13-24.7.2-31.1zm-155.9 106c-49.9 49.9-131.1 49.9-181 0-49.9-49.9-49.9-131.1 0-181 49.9-49.9 131.1-49.9 181 0 49.9 49.9 49.9 131.1 0 181z\"><\/path><\/svg><\/div><span class=\"sub-title\">Sunis Elita beach resort hotel & spa<\/span><h2 class=\"elementor-heading-title elementor-size-default\">Odalar\u0131m\u0131z<\/h2>\t\t\t\t<\/div>\n\t\t\t\t<\/div>\n\t\t\t\t\t<\/div>\n\t\t\t\t<\/div>\n\t\t<div class=\"elementor-element elementor-element-3647cc7 e-flex e-con-boxed e-con e-parent\" data-id=\"3647cc7\" data-element_type=\"container\">\n\t\t\t\t\t<div class=\"e-con-inner\">\n\t\t\t\t\t<\/div>\n\t\t\t\t<\/div>\n\t\t<div class=\"elementor-element elementor-element-6beda00 e-con-full e-flex e-con e-parent\" data-id=\"6beda00\" data-element_type=\"container\">\n\t\t\t\t<div class=\"elementor-element elementor-element-c115aba elementor-widget elementor-widget-image\" data-id=\"c115aba\" data-element_type=\"widget\" data-widget_type=\"image.default\">\n\t\t\t\t<div class=\"elementor-widget-container\">\n\t\t\t\t\t\t\t\t\t\t\t\t\t\t\t<img fetchpriority=\"high\" decoding=\"async\" width=\"700\" height=\"394\" src=\"https:\/\/www.elitabeachresort.com\/wp-content\/uploads\/2019\/08\/Ana-Bina-Standart-Oda-kara-manzarali-1-700x394.png\" class=\"attachment-erios-gallery-image size-erios-gallery-image wp-image-5855\" alt=\"\" srcset=\"https:\/\/www.elitabeachresort.com\/wp-content\/uploads\/2019\/08\/Ana-Bina-Standart-Oda-kara-manzarali-1-700x394.png 700w, https:\/\/www.elitabeachresort.com\/wp-content\/uploads\/2019\/08\/Ana-Bina-Standart-Oda-kara-manzarali-1-300x169.png 300w, https:\/\/www.elitabeachresort.com\/wp-content\/uploads\/2019\/08\/Ana-Bina-Standart-Oda-kara-manzarali-1-1024x576.png 1024w, https:\/\/www.elitabeachresort.com\/wp-content\/uploads\/2019\/08\/Ana-Bina-Standart-Oda-kara-manzarali-1-768x432.png 768w, https:\/\/www.elitabeachresort.com\/wp-content\/uploads\/2019\/08\/Ana-Bina-Standart-Oda-kara-manzarali-1-1536x864.png 1536w, https:\/\/www.elitabeachresort.com\/wp-content\/uploads\/2019\/08\/Ana-Bina-Standart-Oda-kara-manzarali-1.png 1920w\" sizes=\"(max-width: 700px) 100vw, 700px\" \/>\t\t\t\t\t\t\t\t\t\t\t\t\t\t\t<\/div>\n\t\t\t\t<\/div>\n\t\t\t\t<\/div>\n\t\t<div class=\"elementor-element elementor-element-ed6ca63 e-flex e-con-boxed e-con e-parent\" data-id=\"ed6ca63\" data-element_type=\"container\">\n\t\t\t\t\t<div class=\"e-con-inner\">\n\t\t<div class=\"elementor-element elementor-element-740a6e4 e-con-full e-flex e-con e-child\" data-id=\"740a6e4\" data-element_type=\"container\">\n\t\t\t\t<div class=\"elementor-element elementor-element-6f0c652 elementor-widget elementor-widget-heading\" data-id=\"6f0c652\" data-element_type=\"widget\" data-widget_type=\"heading.default\">\n\t\t\t\t<div class=\"elementor-widget-container\">\n\t\t\t\t\t<span class=\"sub-title\">ana bina - Kara manzaral\u0131<\/span><h3 class=\"elementor-heading-title elementor-size-default\">Standart Oda<\/h3>\t\t\t\t<\/div>\n\t\t\t\t<\/div>\n\t\t\t\t<div class=\"elementor-element elementor-element-5ae23d4 elementor-widget elementor-widget-text-editor\" data-id=\"5ae23d4\" data-element_type=\"widget\" data-widget_type=\"text-editor.default\">\n\t\t\t\t<div class=\"elementor-widget-container\">\n\t\t\t\t\t        <div class=\"elementor-text-editor elementor-clearfix\"><p style=\"text-align: left;\"><strong>Ana Bina Standart Odalar<\/strong>, \u00e7a\u011fda\u015f ve ferah bir tasar\u0131ma sahiptir. G\u00fczel manzaralar\u0131n tad\u0131n\u0131 \u00e7\u0131karmak veya taze hava almak i\u00e7in m\u00fckemmel bir mekand\u0131r. \u0130ster deniz manzaral\u0131 bir oda tercih edin, ister bah\u00e7eye bakan bir oda, her ikisi de tatilinizin tad\u0131n\u0131 \u00e7\u0131karmak i\u00e7in harika bir se\u00e7enektir.<\/p><p style=\"text-align: left;\"><strong>\u00dccretsiz Wi-Fi ba\u011flant\u0131s\u0131<\/strong>, tatiliniz boyunca ileti\u015fimi s\u00fcrd\u00fcrmenize yard\u0131mc\u0131 olur.\u00a0<strong>Elektronik kasa<\/strong>, de\u011ferli e\u015fyalar\u0131n\u0131z\u0131 g\u00fcvenle saklaman\u0131za yard\u0131mc\u0131 olur.\u00a0<strong>Merkezi klima sistemi<\/strong>, s\u0131cak ve so\u011fuk g\u00fcnlerde oda s\u0131cakl\u0131\u011f\u0131n\u0131 m\u00fckemmel bir \u015fekilde kontrol eder.<\/p><\/div>\n        \t\t\t\t<\/div>\n\t\t\t\t<\/div>\n\t\t\t\t<\/div>\n\t\t<div class=\"elementor-element elementor-element-efe49ee e-con-full e-flex e-con e-child\" data-id=\"efe49ee\" data-element_type=\"container\">\n\t\t\t\t<div class=\"elementor-element elementor-element-8080852 elementor-widget elementor-widget-heading\" data-id=\"8080852\" data-element_type=\"widget\" data-widget_type=\"heading.default\">\n\t\t\t\t<div class=\"elementor-widget-container\">\n\t\t\t\t\t<h4 class=\"elementor-heading-title elementor-size-default\">Oda \u00d6zellikleri<\/h4>\t\t\t\t<\/div>\n\t\t\t\t<\/div>\n\t\t\t\t<div class=\"elementor-element elementor-element-6fbd066 elementor-widget elementor-widget-text-editor\" data-id=\"6fbd066\" data-element_type=\"widget\" data-widget_type=\"text-editor.default\">\n\t\t\t\t<div class=\"elementor-widget-container\">\n\t\t\t\t\t        <div class=\"elementor-text-editor elementor-clearfix\"><ul><li><span style=\"color: #000000;\">Elektronik Kasa<\/span><\/li><li><span style=\"color: #000000;\">Merkezi Klima<\/span><\/li><li><span style=\"color: #000000;\">Balkonlu veya Balkonsuz<\/span><\/li><li><span style=\"color: #000000;\">\u00dccretsiz Wi-Fi<\/span><\/li><li><span style=\"color: #000000;\">Banyoda Telefon<\/span><\/li><li><span style=\"color: #000000;\">Direkt Telefon<\/span><\/li><li><span style=\"color: #000000;\">Minibar<\/span><\/li><li><span style=\"color: #000000;\">F\u00f6n<\/span><\/li><li><span style=\"color: #000000;\">Kozmetik Ayna<\/span><\/li><li><span style=\"color: #000000;\">Enerji Tasarrufu Sistemi<\/span><\/li><li><span style=\"color: #000000;\">Laminant Zemin<\/span><\/li><li><span style=\"color: #000000;\">1 Adet Tek Ki\u015filik &amp; 1 Adet \u00c7ift Ki\u015filik Yatak veya 1 Adet \u00c7ift Ki\u015filik Yatak<\/span><\/li><li><span style=\"color: #000000;\">FULL HD TV<\/span><\/li><li><span style=\"color: #000000;\">Du\u015flu Banyo<\/span><\/li><\/ul><\/div>\n        \t\t\t\t<\/div>\n\t\t\t\t<\/div>\n\t\t\t\t<\/div>\n\t\t\t\t\t<\/div>\n\t\t\t\t<\/div>\n\t\t<div class=\"elementor-element elementor-element-20bd20e e-flex e-con-boxed e-con e-parent\" data-id=\"20bd20e\" data-element_type=\"container\">\n\t\t\t\t\t<div class=\"e-con-inner\">\n\t\t<div class=\"elementor-element elementor-element-b6b5385 e-con-full e-flex e-con e-child\" data-id=\"b6b5385\" data-element_type=\"container\">\n\t\t\t\t<div class=\"elementor-element elementor-element-4c48a88 elementor-widget elementor-widget-image\" data-id=\"4c48a88\" data-element_type=\"widget\" data-widget_type=\"image.default\">\n\t\t\t\t<div class=\"elementor-widget-container\">\n\t\t\t\t\t\t\t\t\t\t\t\t\t\t\t<img decoding=\"async\" width=\"600\" height=\"390\" src=\"https:\/\/www.elitabeachresort.com\/wp-content\/uploads\/2019\/08\/Ana-Bina-Deniz-Manzarali-Oda-1-600x390.png\" class=\"attachment-erios-featured-image-large size-erios-featured-image-large wp-image-5860\" alt=\"\" \/>\t\t\t\t\t\t\t\t\t\t\t\t\t\t\t<\/div>\n\t\t\t\t<\/div>\n\t\t\t\t<\/div>\n\t\t\t\t\t<\/div>\n\t\t\t\t<\/div>\n\t\t<div class=\"elementor-element elementor-element-995d16c e-flex e-con-boxed e-con e-parent\" data-id=\"995d16c\" data-element_type=\"container\">\n\t\t\t\t\t<div class=\"e-con-inner\">\n\t\t<div class=\"elementor-element elementor-element-6aa62d7 e-con-full e-flex e-con e-child\" data-id=\"6aa62d7\" data-element_type=\"container\">\n\t\t<div class=\"elementor-element elementor-element-5bcb22f e-con-full e-flex e-con e-child\" data-id=\"5bcb22f\" data-element_type=\"container\">\n\t\t\t\t<div class=\"elementor-element elementor-element-c46ef7e elementor-widget elementor-widget-heading\" data-id=\"c46ef7e\" data-element_type=\"widget\" data-widget_type=\"heading.default\">\n\t\t\t\t<div class=\"elementor-widget-container\">\n\t\t\t\t\t<span class=\"sub-title\">ana bina - Deniz Manzaral\u0131<\/span><h3 class=\"elementor-heading-title elementor-size-default\">Standart Oda<\/h3>\t\t\t\t<\/div>\n\t\t\t\t<\/div>\n\t\t\t\t<div class=\"elementor-element elementor-element-51912ca elementor-widget elementor-widget-text-editor\" data-id=\"51912ca\" data-element_type=\"widget\" data-widget_type=\"text-editor.default\">\n\t\t\t\t<div class=\"elementor-widget-container\">\n\t\t\t\t\t        <div class=\"elementor-text-editor elementor-clearfix\"><p><span style=\"color: #000000;\"><strong>Sunis Elita Beach Resort<\/strong>\u2018taki bu deniz manzaral\u0131 oda, misafirlerimiz i\u00e7in tatilin tad\u0131n\u0131 \u00e7\u0131karmalar\u0131n\u0131 sa\u011flar. Balkonda manzaran\u0131n tad\u0131n\u0131 \u00e7\u0131kar\u0131rken veya i\u00e7 mekanda dinlenirken, bu oda size ve sevdiklerinize \u00f6zel bir tatil deneyimi sunar.<\/span><\/p><p><span style=\"color: #000000;\">Tatilinizin unutulmaz an\u0131lar\u0131na ev sahipli\u011fi yapmak i\u00e7in tasarlanm\u0131\u015ft\u0131r ve sizi bekliyor.<\/span><\/p><p><span style=\"color: #000000;\">Balkonu, taze hava almak ve manzaran\u0131n tad\u0131n\u0131 \u00e7\u0131karmak i\u00e7in harika bir mekand\u0131r. Bu \u00f6zel odan\u0131n tasar\u0131m\u0131, herkesin rahat bir tatil deneyimi ya\u015famas\u0131n\u0131 sa\u011flamak amac\u0131yla \u00f6zenle planlanm\u0131\u015ft\u0131r.<\/span><\/p><\/div>\n        \t\t\t\t<\/div>\n\t\t\t\t<\/div>\n\t\t\t\t<\/div>\n\t\t<div class=\"elementor-element elementor-element-c21a1c1 e-con-full e-flex e-con e-child\" data-id=\"c21a1c1\" data-element_type=\"container\">\n\t\t\t\t<div class=\"elementor-element elementor-element-932df20 elementor-widget elementor-widget-heading\" data-id=\"932df20\" data-element_type=\"widget\" data-widget_type=\"heading.default\">\n\t\t\t\t<div class=\"elementor-widget-container\">\n\t\t\t\t\t<h4 class=\"elementor-heading-title elementor-size-default\">Oda \u00d6zellikleri<\/h4>\t\t\t\t<\/div>\n\t\t\t\t<\/div>\n\t\t\t\t<div class=\"elementor-element elementor-element-58fe421 elementor-widget elementor-widget-text-editor\" data-id=\"58fe421\" data-element_type=\"widget\" data-widget_type=\"text-editor.default\">\n\t\t\t\t<div class=\"elementor-widget-container\">\n\t\t\t\t\t        <div class=\"elementor-text-editor elementor-clearfix\"><ul><li><span style=\"color: #000000;\">Elektronik Kasa<\/span><\/li><li><span style=\"color: #000000;\">Merkezi Klima<\/span><\/li><li><span style=\"color: #000000;\">Balkonlu veya Balkonsuz<\/span><\/li><li><span style=\"color: #000000;\">\u00dccretsiz Wi-Fi<\/span><\/li><li><span style=\"color: #000000;\">Banyoda Telefon<\/span><\/li><li><span style=\"color: #000000;\">Direkt Telefon<\/span><\/li><li><span style=\"color: #000000;\">Minibar<\/span><\/li><li><span style=\"color: #000000;\">F\u00f6n<\/span><\/li><li><span style=\"color: #000000;\">Kozmetik Ayna<\/span><\/li><li><span style=\"color: #000000;\">Enerji Tasarrufu Sistemi<\/span><\/li><li><span style=\"color: #000000;\">Laminant Zemin<\/span><\/li><li><span style=\"color: #000000;\">1 Adet Tek Ki\u015filik Yatak ve 1 Adet \u00c7ift Ki\u015filik Yatak veya 1 Adet \u00c7ift Ki\u015filik Yatak<\/span><\/li><li><span style=\"color: #000000;\">FULL HD TV<\/span><\/li><li><span style=\"color: #000000;\">Du\u015flu Banyo<\/span><\/li><\/ul><\/div>\n        \t\t\t\t<\/div>\n\t\t\t\t<\/div>\n\t\t\t\t<\/div>\n\t\t\t\t<\/div>\n\t\t\t\t\t<\/div>\n\t\t\t\t<\/div>\n\t\t<div class=\"elementor-element elementor-element-edc29b3 e-flex e-con-boxed e-con e-parent\" data-id=\"edc29b3\" data-element_type=\"container\">\n\t\t\t\t\t<div class=\"e-con-inner\">\n\t\t<div class=\"elementor-element elementor-element-dd438bf e-con-full e-flex e-con e-child\" data-id=\"dd438bf\" data-element_type=\"container\">\n\t\t<div class=\"elementor-element elementor-element-c452dda e-con-full e-flex e-con e-child\" data-id=\"c452dda\" data-element_type=\"container\">\n\t\t\t\t<div class=\"elementor-element elementor-element-899fa52 elementor-widget elementor-widget-image\" data-id=\"899fa52\" data-element_type=\"widget\" data-widget_type=\"image.default\">\n\t\t\t\t<div class=\"elementor-widget-container\">\n\t\t\t\t\t\t\t\t\t\t\t\t\t\t\t<img decoding=\"async\" width=\"600\" height=\"390\" src=\"https:\/\/www.elitabeachresort.com\/wp-content\/uploads\/2019\/08\/Club-Standart-Oda-2-600x390.png\" class=\"attachment-erios-featured-image-large size-erios-featured-image-large wp-image-6163\" alt=\"\" \/>\t\t\t\t\t\t\t\t\t\t\t\t\t\t\t<\/div>\n\t\t\t\t<\/div>\n\t\t\t\t<\/div>\n\t\t\t\t<\/div>\n\t\t\t\t\t<\/div>\n\t\t\t\t<\/div>\n\t\t<div class=\"elementor-element elementor-element-0230549 e-flex e-con-boxed e-con e-parent\" data-id=\"0230549\" data-element_type=\"container\">\n\t\t\t\t\t<div class=\"e-con-inner\">\n\t\t<div class=\"elementor-element elementor-element-635d78e e-con-full e-flex e-con e-child\" data-id=\"635d78e\" data-element_type=\"container\">\n\t\t<div class=\"elementor-element elementor-element-30e86d2 e-con-full e-flex e-con e-child\" data-id=\"30e86d2\" data-element_type=\"container\">\n\t\t<div class=\"elementor-element elementor-element-d3ce730 e-con-full e-flex e-con e-child\" data-id=\"d3ce730\" data-element_type=\"container\">\n\t\t\t\t<div class=\"elementor-element elementor-element-5043536 elementor-widget elementor-widget-heading\" data-id=\"5043536\" data-element_type=\"widget\" data-widget_type=\"heading.default\">\n\t\t\t\t<div class=\"elementor-widget-container\">\n\t\t\t\t\t<span class=\"sub-title\">Club oda<\/span><h3 class=\"elementor-heading-title elementor-size-default\">Standart Oda<\/h3>\t\t\t\t<\/div>\n\t\t\t\t<\/div>\n\t\t\t\t<div class=\"elementor-element elementor-element-0574150 elementor-widget elementor-widget-text-editor\" data-id=\"0574150\" data-element_type=\"widget\" data-widget_type=\"text-editor.default\">\n\t\t\t\t<div class=\"elementor-widget-container\">\n\t\t\t\t\t        <div class=\"elementor-text-editor elementor-clearfix\"><p><span style=\"color: #000000;\"><strong>Club Standart Odalar<\/strong>, konfor ve \u015f\u0131kl\u0131\u011f\u0131 bulu\u015fturan modern tasar\u0131m\u0131 ile \u00f6ne \u00e7\u0131kar. Bu zarif odalar, tatilinizi daha da \u00f6zel k\u0131lmak i\u00e7in \u00f6zenle tasarlanm\u0131\u015ft\u0131r.\u00a0<\/span><\/p><p><span style=\"color: #000000;\">Club Standart Odalar, iki adet tek ki\u015filik yatak ile donat\u0131lm\u0131\u015ft\u0131r, bu da arkada\u015flar\u0131n\u0131z veya ailenizle konforlu bir konaklama deneyimi sunar. Zemindeki seramik d\u00f6\u015feme, modern ve temiz bir g\u00f6r\u00fcn\u00fcm sunar. Enerji tasarrufu sistemi, hem\u00a0<strong>\u00e7evre dostu<\/strong>\u00a0hem de\u00a0<strong>enerji maliyet<\/strong>lerinizi azaltan bir ayr\u0131cal\u0131kt\u0131r.<\/span><\/p><\/div>\n        \t\t\t\t<\/div>\n\t\t\t\t<\/div>\n\t\t\t\t<\/div>\n\t\t<div class=\"elementor-element elementor-element-68339a7 e-con-full e-flex e-con e-child\" data-id=\"68339a7\" data-element_type=\"container\">\n\t\t\t\t<div class=\"elementor-element elementor-element-f1c83b3 elementor-widget elementor-widget-heading\" data-id=\"f1c83b3\" data-element_type=\"widget\" data-widget_type=\"heading.default\">\n\t\t\t\t<div class=\"elementor-widget-container\">\n\t\t\t\t\t<h4 class=\"elementor-heading-title elementor-size-default\">Oda \u00d6zellikleri<\/h4>\t\t\t\t<\/div>\n\t\t\t\t<\/div>\n\t\t\t\t<div class=\"elementor-element elementor-element-8710fe3 elementor-widget elementor-widget-text-editor\" data-id=\"8710fe3\" data-element_type=\"widget\" data-widget_type=\"text-editor.default\">\n\t\t\t\t<div class=\"elementor-widget-container\">\n\t\t\t\t\t        <div class=\"elementor-text-editor elementor-clearfix\"><ul><li><span style=\"color: #000000;\">Elektronik Kasa<\/span><\/li><li><span style=\"color: #000000;\">Merkezi Klima<\/span><\/li><li><span style=\"color: #000000;\">Balkon<\/span><\/li><li><span style=\"color: #000000;\">\u00dccretsiz Wi-Fi<\/span><\/li><li><span style=\"color: #000000;\">Banyoda Telefon<\/span><\/li><li><span style=\"color: #000000;\">Direkt Telefon<\/span><\/li><li><span style=\"color: #000000;\">Minibar<\/span><\/li><li><span style=\"color: #000000;\">F\u00f6n<\/span><\/li><li><span style=\"color: #000000;\">Kozmetik Ayna<\/span><\/li><li><span style=\"color: #000000;\">Enerji Tasarrufu Sistemi<\/span><\/li><li><span style=\"color: #000000;\">Zemin Seramik<\/span><\/li><li><span style=\"color: #000000;\">2 Adet Tek Ki\u015filik Yatak<\/span><\/li><li><span style=\"color: #000000;\">FULL HD TV<\/span><\/li><li><span style=\"color: #000000;\">Du\u015flu Banyo<\/span><\/li><\/ul><\/div>\n        \t\t\t\t<\/div>\n\t\t\t\t<\/div>\n\t\t\t\t<\/div>\n\t\t\t\t<\/div>\n\t\t\t\t<\/div>\n\t\t\t\t\t<\/div>\n\t\t\t\t<\/div>\n\t\t<div class=\"elementor-element elementor-element-161250c e-flex e-con-boxed e-con e-parent\" data-id=\"161250c\" data-element_type=\"container\">\n\t\t\t\t\t<div class=\"e-con-inner\">\n\t\t<div class=\"elementor-element elementor-element-2f960cd e-con-full e-flex e-con e-child\" data-id=\"2f960cd\" data-element_type=\"container\">\n\t\t<div class=\"elementor-element elementor-element-6b8b302 e-con-full e-flex e-con e-child\" data-id=\"6b8b302\" data-element_type=\"container\">\n\t\t<div class=\"elementor-element elementor-element-c01bbf0 e-con-full e-flex e-con e-child\" data-id=\"c01bbf0\" data-element_type=\"container\">\n\t\t\t\t<div class=\"elementor-element elementor-element-9f56e06 elementor-widget elementor-widget-image\" data-id=\"9f56e06\" data-element_type=\"widget\" data-widget_type=\"image.default\">\n\t\t\t\t<div class=\"elementor-widget-container\">\n\t\t\t\t\t\t\t\t\t\t\t\t\t\t\t<img loading=\"lazy\" decoding=\"async\" width=\"600\" height=\"390\" src=\"https:\/\/www.elitabeachresort.com\/wp-content\/uploads\/2019\/08\/Club-Aile-Odasi-1-600x390.png\" class=\"attachment-erios-featured-image-large size-erios-featured-image-large wp-image-5858\" alt=\"\" \/>\t\t\t\t\t\t\t\t\t\t\t\t\t\t\t<\/div>\n\t\t\t\t<\/div>\n\t\t\t\t<\/div>\n\t\t\t\t<\/div>\n\t\t\t\t<\/div>\n\t\t\t\t\t<\/div>\n\t\t\t\t<\/div>\n\t\t<div class=\"elementor-element elementor-element-9df10f8 e-flex e-con-boxed e-con e-parent\" data-id=\"9df10f8\" data-element_type=\"container\">\n\t\t\t\t\t<div class=\"e-con-inner\">\n\t\t<div class=\"elementor-element elementor-element-5834387 e-con-full e-flex e-con e-child\" data-id=\"5834387\" data-element_type=\"container\">\n\t\t<div class=\"elementor-element elementor-element-1e22c14 e-con-full e-flex e-con e-child\" data-id=\"1e22c14\" data-element_type=\"container\">\n\t\t<div class=\"elementor-element elementor-element-25061cc e-con-full e-flex e-con e-child\" data-id=\"25061cc\" data-element_type=\"container\">\n\t\t<div class=\"elementor-element elementor-element-9ffbdb4 e-con-full e-flex e-con e-child\" data-id=\"9ffbdb4\" data-element_type=\"container\">\n\t\t\t\t<div class=\"elementor-element elementor-element-66dc89b elementor-widget elementor-widget-heading\" data-id=\"66dc89b\" data-element_type=\"widget\" data-widget_type=\"heading.default\">\n\t\t\t\t<div class=\"elementor-widget-container\">\n\t\t\t\t\t<h3 class=\"elementor-heading-title elementor-size-default\">Aile Odas\u0131<\/h3>\t\t\t\t<\/div>\n\t\t\t\t<\/div>\n\t\t\t\t<div class=\"elementor-element elementor-element-3dce298 elementor-widget elementor-widget-text-editor\" data-id=\"3dce298\" data-element_type=\"widget\" data-widget_type=\"text-editor.default\">\n\t\t\t\t<div class=\"elementor-widget-container\">\n\t\t\t\t\t        <div class=\"elementor-text-editor elementor-clearfix\"><p><span style=\"color: #000000;\"><strong>Aile odalar\u0131<\/strong>, konfor ve \u015f\u0131kl\u0131\u011f\u0131 bulu\u015fturan modern tasar\u0131m\u0131 ile \u00f6ne \u00e7\u0131kar. Bu zarif odalar, tatilinizi daha da \u00f6zel k\u0131lmak i\u00e7in \u00f6zenle tasarlanm\u0131\u015ft\u0131r.\u00a0<\/span><\/p><p><span style=\"color: #000000;\">Aile odalar\u0131, iki adet tek ki\u015filik yatak ve 1 adet \u00e7ift ki\u015filik yatak ile donat\u0131lm\u0131\u015ft\u0131r, bu da arkada\u015flar\u0131n\u0131z veya ailenizle konforlu bir konaklama deneyimi sunar. Zemindeki seramik d\u00f6\u015feme, modern ve temiz bir g\u00f6r\u00fcn\u00fcm sunar. Enerji tasarrufu sistemi, hem <strong>\u00e7evre dostu<\/strong>\u00a0hem de\u00a0<strong>enerji maliyet<\/strong>lerinizi azaltan bir ayr\u0131cal\u0131kt\u0131r.<\/span><\/p><\/div>\n        \t\t\t\t<\/div>\n\t\t\t\t<\/div>\n\t\t\t\t<\/div>\n\t\t<div class=\"elementor-element elementor-element-a28231f e-con-full e-flex e-con e-child\" data-id=\"a28231f\" data-element_type=\"container\">\n\t\t\t\t<div class=\"elementor-element elementor-element-2e07576 elementor-widget elementor-widget-heading\" data-id=\"2e07576\" data-element_type=\"widget\" data-widget_type=\"heading.default\">\n\t\t\t\t<div class=\"elementor-widget-container\">\n\t\t\t\t\t<h4 class=\"elementor-heading-title elementor-size-default\">Oda \u00d6zellikleri<\/h4>\t\t\t\t<\/div>\n\t\t\t\t<\/div>\n\t\t\t\t<div class=\"elementor-element elementor-element-eb1200c elementor-widget elementor-widget-text-editor\" data-id=\"eb1200c\" data-element_type=\"widget\" data-widget_type=\"text-editor.default\">\n\t\t\t\t<div class=\"elementor-widget-container\">\n\t\t\t\t\t        <div class=\"elementor-text-editor elementor-clearfix\"><ul><li>Elektronik Kasa<\/li><li>Merkezi Klima<\/li><li>Balkonlu veya Balkonsuz<\/li><li>\u00dccretsiz Wi-Fi<\/li><li>Banyoda Telefon<\/li><li>Direkt Telefon<\/li><li>Minibar<\/li><li>F\u00f6n<\/li><li>Kozmetik Ayna<\/li><li>Enerji Tasarrufu Sistemi<\/li><li>Zemin Seramik<\/li><li>2 Adet Tek Ki\u015filik Yatak ve 1 Adet \u00c7ift Ki\u015filik Yatak<\/li><li>FULL HD TV<\/li><li>Du\u015flu Banyo<\/li><\/ul><\/div>\n        \t\t\t\t<\/div>\n\t\t\t\t<\/div>\n\t\t\t\t<\/div>\n\t\t\t\t<\/div>\n\t\t\t\t<\/div>\n\t\t\t\t<\/div>\n\t\t\t\t\t<\/div>\n\t\t\t\t<\/div>\n\t\t\t\t<\/div>\n\t\t","protected":false},"excerpt":{"rendered":"<p>Sunis Elita beach resort hotel &amp; spa Odalar\u0131m\u0131z ana bina &#8211; Kara manzaral\u0131 Standart Oda Ana Bina Standart Odalar, \u00e7a\u011fda\u015f ve ferah bir tasar\u0131ma sahiptir. G\u00fczel manzaralar\u0131n tad\u0131n\u0131 \u00e7\u0131karmak veya taze hava almak i\u00e7in m\u00fckemmel bir mekand\u0131r. \u0130ster deniz manzaral\u0131 bir oda tercih edin, ister bah\u00e7eye bakan bir oda, her ikisi de tatilinizin tad\u0131n\u0131 \u00e7\u0131karmak &hellip; <span class=\"more-link-wrap\"><a href=\"https:\/\/www.elitabeachresort.com\/index.php\/odalarimiz\/\" class=\"more-link\">Read More <span class=\"screen-reader-text\"> &#8220;Odalar\u0131m\u0131z&#8221;<\/span><\/a><\/span><\/p>\n","protected":false},"author":1,"featured_media":0,"parent":0,"menu_order":0,"comment_status":"closed","ping_status":"closed","template":"","meta":{"inline_featured_image":false,"footnotes":""},"class_list":["post-6162","page","type-page","status-publish","hentry"],"_links":{"self":[{"href":"https:\/\/www.elitabeachresort.com\/index.php\/wp-json\/wp\/v2\/pages\/6162","targetHints":{"allow":["GET"]}}],"collection":[{"href":"https:\/\/www.elitabeachresort.com\/index.php\/wp-json\/wp\/v2\/pages"}],"about":[{"href":"https:\/\/www.elitabeachresort.com\/index.php\/wp-json\/wp\/v2\/types\/page"}],"author":[{"embeddable":true,"href":"https:\/\/www.elitabeachresort.com\/index.php\/wp-json\/wp\/v2\/users\/1"}],"replies":[{"embeddable":true,"href":"https:\/\/www.elitabeachresort.com\/index.php\/wp-json\/wp\/v2\/comments?post=6162"}],"version-history":[{"count":36,"href":"https:\/\/www.elitabeachresort.com\/index.php\/wp-json\/wp\/v2\/pages\/6162\/revisions"}],"predecessor-version":[{"id":6268,"href":"https:\/\/www.elitabeachresort.com\/index.php\/wp-json\/wp\/v2\/pages\/6162\/revisions\/6268"}],"wp:attachment":[{"href":"https:\/\/www.elitabeachresort.com\/index.php\/wp-json\/wp\/v2\/media?parent=6162"}],"curies":[{"name":"wp","href":"https:\/\/api.w.org\/{rel}","templated":true}]}}